{"id":912,"date":"2020-12-01T09:50:29","date_gmt":"2020-12-01T09:50:29","guid":{"rendered":"http:\/\/webdemolinks.site\/wine\/?page_id=912"},"modified":"2025-07-21T10:35:56","modified_gmt":"2025-07-21T09:35:56","slug":"our-vineyards","status":"publish","type":"page","link":"https:\/\/boissonneau.fr\/en\/our-vineyards\/","title":{"rendered":"OUR VINEYARDS"},"content":{"rendered":"<p>[vc_row full_width=&#8221;stretch_row_content&#8221; css=&#8221;.vc_custom_1606819981205{margin-bottom: 40px !important;}&#8221;][vc_column width=&#8221;1\/2&#8243;][vc_single_image image=&#8221;1058&#8243; img_size=&#8221;full&#8221;][vc_empty_space hide_on_mobile=&#8221;&#8221;][\/vc_column][vc_column width=&#8221;1\/2&#8243;][vc_custom_heading text=&#8221;BORDEAUX &amp; BORDEAUX SUPERIEUR&#8221; font_container=&#8221;tag:h2|text_align:center&#8221; use_theme_fonts=&#8221;yes&#8221; css=&#8221;.vc_custom_1606819835234{margin-top: 0px !important;}&#8221;][vc_column_text el_class=&#8221;mobile-justify&#8221;]<\/p>\n<p style=\"text-align: justify;\">Our family owned organic vineyard is located in the iconic region of Bordeaux. Probably one of southernmost Estate of the Entre-Deux-Mers area, streching on the slope of the village of Saint-Michel-de-Lapujade.<\/p>\n<p style=\"text-align: justify;\">25 ha (62 ac.), 100% certified oganic started in 2007 and biodynamic by Demeter in 2021, planted with red grape varieties such as Merlot, Cabernet Sauvignon, Cabernet Franc and Malbec as well as white grape varities as Sauvignon Blanc, Sauvignon Gris, Semillon and Muscadelle.<\/p>\n<p style=\"text-align: justify;\">With 3 types of soils our vineyard enjoys an oceanic climate with the mild and cool air coming up from the Atlantic Ocean to the Garonne valley.<br \/>\nOur soil and grape varietal diversity combined with our organic farming pratices result on the production of beautiful and complex berries that our winemakers will highlight in the cellar.<\/p>\n<p style=\"text-align: justify;\">Red, white and ros\u00e9 wines are produced entirely in our family vineyards: Ch\u00e2teau de la Vieille Tour, Ch\u00e2teau Moulin de Ferrand, our Vinum Terra range (Amphora, no added sulphites) and our barrel-aged vintages \u201cH\u00e9ritage\u201d and \u201cR\u00e9serve Tradition\u201d from Ch\u00e2teau de la Vieille Tour, not forgetting our Blouge!<\/p>\n<p>[\/vc_column_text][\/vc_column][\/vc_row][vc_row css=&#8221;.vc_custom_1613402546995{margin-top: 30px !important;}&#8221;][vc_column][vc_separator color=&#8221;custom&#8221; style=&#8221;dotted&#8221; accent_color=&#8221;#e39a31&#8243;][\/vc_column][\/vc_row][vc_row full_width=&#8221;stretch_row_content&#8221;][vc_column width=&#8221;1\/2&#8243;][vc_custom_heading text=&#8221;C\u00d4TES DU MARMANDAIS &#8211; Souhwest France&#8221; font_container=&#8221;tag:h2|text_align:center&#8221; use_theme_fonts=&#8221;yes&#8221; css=&#8221;.vc_custom_1606819878867{margin-top: 0px !important;}&#8221;][vc_column_text el_class=&#8221;mobile-justify&#8221;]<\/p>\n<p style=\"text-align: justify;\">Located in the Southwest France vineyard, A.O.P. C\u00f4tes du Marmandais, our family owned organic estate stretches on hillsides of the appelation, south of the Bordeaux region, renowned for their magnificent terroir, producing only red wines.<\/p>\n<p style=\"text-align: justify;\">An exclusive 5 ha. (7.5 ac.) vineyard, certified organic since 2007 and Biodynamic since 2021, enjoying an oceanic climate with clay and limestone soils.<\/p>\n<p style=\"text-align: justify;\">Merlot and Cabernet Sauvignon are growing in the estate, due to the proximity of Bordeaux. However we rather use and highlight the traditional grapes of the appellation SYRAH and more importantly ABOURIOU.<\/p>\n<p style=\"text-align: justify;\">Our Domaine des Geais expresses the diveristy of our exclusive estate and the tipicity is shown with our Les Geais Abouriou and Les Geais 5 Grapes.<\/p>\n<p>[\/vc_column_text][vc_empty_space hide_on_mobile=&#8221;&#8221;][\/vc_column][vc_column width=&#8221;1\/2&#8243;][vc_single_image image=&#8221;1205&#8243; img_size=&#8221;full&#8221;][\/vc_column][\/vc_row]<\/p>\n","protected":false},"excerpt":{"rendered":"<p>[vc_row full_width=&#8221;stretch_row_content&#8221; css=&#8221;.vc_custom_1606819981205{margin-bottom: 40px !important;}&#8221;][vc_column width=&#8221;1\/2&#8243;][vc_single_image image=&#8221;1058&#8243; img_size=&#8221;full&#8221;][vc_empty_space hide_on_mobile=&#8221;&#8221;][\/vc_column][vc_column width=&#8221;1\/2&#8243;][vc_custom_heading text=&#8221;BORDEAUX &amp; BORDEAUX SUPERIEUR&#8221; font_container=&#8221;tag:h2|text_align:center&#8221; use_theme_fonts=&#8221;yes&#8221; css=&#8221;.vc_custom_1606819835234{margin-top: 0px !important;}&#8221;][vc_column_text el_class=&#8221;mobile-justify&#8221;] Our family owned organic vineyard is located in the iconic region of Bordeaux. Probably one of southernmost Estate of the Entre-Deux-Mers area, streching on the slope of the village of Saint-Michel-de-Lapujade. 25 ha (62 ac.), 100% certified oganic started in&hellip;<\/p>\n","protected":false},"author":1,"featured_media":0,"parent":0,"menu_order":0,"comment_status":"closed","ping_status":"closed","template":"","meta":{"footnotes":""},"class_list":["post-912","page","type-page","status-publish","hentry"],"_links":{"self":[{"href":"https:\/\/boissonneau.fr\/en\/wp-json\/wp\/v2\/pages\/912","targetHints":{"allow":["GET"]}}],"collection":[{"href":"https:\/\/boissonneau.fr\/en\/wp-json\/wp\/v2\/pages"}],"about":[{"href":"https:\/\/boissonneau.fr\/en\/wp-json\/wp\/v2\/types\/page"}],"author":[{"embeddable":true,"href":"https:\/\/boissonneau.fr\/en\/wp-json\/wp\/v2\/users\/1"}],"replies":[{"embeddable":true,"href":"https:\/\/boissonneau.fr\/en\/wp-json\/wp\/v2\/comments?post=912"}],"version-history":[{"count":36,"href":"https:\/\/boissonneau.fr\/en\/wp-json\/wp\/v2\/pages\/912\/revisions"}],"predecessor-version":[{"id":1520,"href":"https:\/\/boissonneau.fr\/en\/wp-json\/wp\/v2\/pages\/912\/revisions\/1520"}],"wp:attachment":[{"href":"https:\/\/boissonneau.fr\/en\/wp-json\/wp\/v2\/media?parent=912"}],"curies":[{"name":"wp","href":"https:\/\/api.w.org\/{rel}","templated":true}]}}