{"id":970,"date":"2020-12-05T14:30:09","date_gmt":"2020-12-05T14:30:09","guid":{"rendered":"http:\/\/webdemolinks.site\/wine\/?page_id=970"},"modified":"2025-07-21T15:21:36","modified_gmt":"2025-07-21T14:21:36","slug":"our-wines","status":"publish","type":"page","link":"https:\/\/boissonneau.fr\/en\/our-wines\/","title":{"rendered":"OUR WINES"},"content":{"rendered":"<p>[vc_row][vc_column][vc_single_image image=&#8221;1071&#8243; img_size=&#8221;full&#8221; alignment=&#8221;center&#8221; css=&#8221;.vc_custom_1613405641572{margin-bottom: 30px !important;padding-bottom: 30px !important;}&#8221;][vc_column_text css=&#8221;.vc_custom_1753088386856{margin-bottom: 30px !important;}&#8221;]<\/p>\n<p style=\"text-align: center;\"><strong>For over 180 years our family procudes recognized organic wines of Bordeaux and South-West of France. Result of our know-how and passion for 6th generations.<\/strong><\/p>\n<p style=\"text-align: center;\"><strong>100% Estate, 100% Family-owned, 100% Organic &amp; Biodynamic<\/strong><\/p>\n<p>[\/vc_column_text][vc_empty_space hide_on_mobile=&#8221;&#8221;][\/vc_column][\/vc_row][vc_row full_width=&#8221;stretch_row&#8221; equal_height=&#8221;yes&#8221; content_placement=&#8221;middle&#8221; scheme=&#8221;dark&#8221; css=&#8221;.vc_custom_1621340098487{margin-bottom: 30px !important;padding-top: 30px !important;padding-bottom: 30px !important;}&#8221; el_class=&#8221;mhwine&#8221;][vc_column width=&#8221;5\/12&#8243;][vc_single_image image=&#8221;1504&#8243; img_size=&#8221;medium&#8221;][\/vc_column][vc_column width=&#8221;7\/12&#8243;][vc_icon icon_fontawesome=&#8221;icon-grape&#8221; color=&#8221;orange&#8221; size=&#8221;lg&#8221; align=&#8221;center&#8221; css=&#8221;.vc_custom_1753107694429{margin-top: 10px !important;margin-bottom: 10px !important;}&#8221;][vc_custom_heading text=&#8221;\u2018Cuv\u00e9e Pierre\u2019<br \/>\nCh\u00e2teau de la Vieille Tour&#8221; font_container=&#8221;tag:h3|font_size:34px|text_align:center&#8221; use_theme_fonts=&#8221;yes&#8221; css=&#8221;.vc_custom_1753089411194{margin-top: 10px !important;}&#8221; el_class=&#8221;normal-style&#8221;][vc_custom_heading text=&#8221;Bordeaux Sup\u00e9rieur&#8221; font_container=&#8221;tag:h3|font_size:31px|text_align:center&#8221; use_theme_fonts=&#8221;yes&#8221; css=&#8221;.vc_custom_1621273034123{margin-top: 10px !important;}&#8221;][vc_column_text]<\/p>\n<p style=\"text-align: justify;\">Celebrating 180 years of history with this Cuv\u00e9e. A selection of 2 parcels of Cabernet in honor of our father and grand-father, Jean-Pierre Boissonneau, 4th generation and Cabernet aficionados. 24 months ageing in 400 l. new French oak barrels.<br \/>\nWe remastered the first label ever made for our family-owned winery back in 1972.<\/p>\n<p>[\/vc_column_text][\/vc_column][vc_column][\/vc_column][vc_column][\/vc_column][\/vc_row][vc_row full_width=&#8221;stretch_row&#8221; css=&#8221;.vc_custom_1621340112052{padding-top: 30px !important;padding-bottom: 30px !important;}&#8221; el_class=&#8221;mhwine&#8221;][vc_column width=&#8221;7\/12&#8243;][vc_icon icon_fontawesome=&#8221;icon-grape&#8221; color=&#8221;orange&#8221; size=&#8221;lg&#8221; align=&#8221;center&#8221; css=&#8221;.vc_custom_1621268568185{margin-top: 10px !important;margin-bottom: 10px !important;}&#8221;][vc_custom_heading text=&#8221;VINUM TERRA \u2018Abouriou\u2019&#8221; font_container=&#8221;tag:h3|font_size:34px|text_align:center&#8221; use_theme_fonts=&#8221;yes&#8221; css=&#8221;.vc_custom_1621274465671{margin-top: 10px !important;}&#8221; el_class=&#8221;normal-style&#8221;][vc_custom_heading text=&#8221;Vin de France&#8221; font_container=&#8221;tag:h3|font_size:31px|text_align:center&#8221; use_theme_fonts=&#8221;yes&#8221; css=&#8221;.vc_custom_1621274479802{margin-top: 10px !important;}&#8221;][vc_column_text]<\/p>\n<p style=\"text-align: center;\">100% ABOURIOU in AMPHORAS<\/p>\n<p style=\"text-align: justify;\">From our family-owned organic vineyard in Southwest of France aged 6 months in sandstones amphoras.<br \/>\nA delicate and round varietal ABOURIOU, perfectly balanced and flavorful.<\/p>\n<p>[\/vc_column_text][vc_empty_space hide_on_mobile=&#8221;&#8221;][\/vc_column][vc_column width=&#8221;5\/12&#8243;][vc_single_image image=&#8221;1341&#8243; img_size=&#8221;full&#8221;][\/vc_column][\/vc_row][vc_row full_width=&#8221;stretch_row&#8221; scheme=&#8221;dark&#8221; css=&#8221;.vc_custom_1753088408278{padding-top: 30px !important;padding-bottom: 30px !important;}&#8221; el_class=&#8221;mhwine&#8221;][vc_column width=&#8221;5\/12&#8243;][vc_single_image image=&#8221;1341&#8243; img_size=&#8221;full&#8221;][\/vc_column][vc_column width=&#8221;7\/12&#8243;][vc_icon icon_fontawesome=&#8221;icon-grape&#8221; color=&#8221;orange&#8221; size=&#8221;lg&#8221; align=&#8221;center&#8221; css=&#8221;.vc_custom_1621268568185{margin-top: 10px !important;margin-bottom: 10px !important;}&#8221;][vc_custom_heading text=&#8221;VINUM TERRA \u2018Merlot &#8211; No Added Sulfite\u2019&#8221; font_container=&#8221;tag:h3|font_size:34px|text_align:center&#8221; use_theme_fonts=&#8221;yes&#8221; css=&#8221;.vc_custom_1753087875174{margin-top: 10px !important;}&#8221; el_class=&#8221;normal-style&#8221;][vc_custom_heading text=&#8221;Vin de France&#8221; font_container=&#8221;tag:h3|font_size:31px|text_align:center&#8221; use_theme_fonts=&#8221;yes&#8221; css=&#8221;.vc_custom_1621274479802{margin-top: 10px !important;}&#8221;][vc_column_text]<\/p>\n<p style=\"text-align: center;\">100% MERLOT in AMPHORA<\/p>\n<p style=\"text-align: justify;\">A selection form our Estate vineyard, 100% Merlot aged few months in terracota a amphora without any added sulfite.<\/p>\n<p>A pure, supple, powerful wine from this single-varietal Merlot.[\/vc_column_text][vc_empty_space hide_on_mobile=&#8221;&#8221;][\/vc_column][\/vc_row][vc_row full_width=&#8221;stretch_row&#8221; css=&#8221;.vc_custom_1753088413898{padding-top: 30px !important;padding-bottom: 30px !important;}&#8221; el_class=&#8221;mhwine&#8221;][vc_column width=&#8221;7\/12&#8243;][vc_icon icon_fontawesome=&#8221;icon-grape&#8221; color=&#8221;orange&#8221; size=&#8221;lg&#8221; align=&#8221;center&#8221; css=&#8221;.vc_custom_1621268568185{margin-top: 10px !important;margin-bottom: 10px !important;}&#8221;][vc_custom_heading text=&#8221;BLR<br \/>\n\u2018Blouge\u2019&#8221; font_container=&#8221;tag:h3|font_size:34px|text_align:center&#8221; use_theme_fonts=&#8221;yes&#8221; css=&#8221;.vc_custom_1753088273589{margin-top: 10px !important;}&#8221; el_class=&#8221;normal-style&#8221;][vc_custom_heading text=&#8221;Vin de France&#8221; font_container=&#8221;tag:h3|font_size:31px|text_align:center&#8221; use_theme_fonts=&#8221;yes&#8221; css=&#8221;.vc_custom_1621274479802{margin-top: 10px !important;}&#8221;][vc_column_text]<\/p>\n<p style=\"text-align: center;\">100% PLEASURE<\/p>\n<p>Sometimes white, sometimes red, sometimes both&#8230; BLOUGE. A bold blend of red and white wine. Decomplexed, smooth, elegant, fruity, tannin-free and beautifully textured. What a wine, let yourself be surprised by its freshness.[\/vc_column_text][vc_empty_space hide_on_mobile=&#8221;&#8221;][\/vc_column][vc_column width=&#8221;5\/12&#8243;][vc_single_image image=&#8221;1513&#8243; img_size=&#8221;medium&#8221; alignment=&#8221;center&#8221;][\/vc_column][\/vc_row][vc_row full_width=&#8221;stretch_row&#8221; scheme=&#8221;dark&#8221; css=&#8221;.vc_custom_1621340117874{padding-top: 30px !important;padding-bottom: 30px !important;}&#8221; el_class=&#8221;mhwine&#8221;][vc_column width=&#8221;5\/12&#8243;][vc_single_image image=&#8221;1343&#8243; img_size=&#8221;full&#8221;][\/vc_column][vc_column width=&#8221;7\/12&#8243;][vc_icon icon_fontawesome=&#8221;icon-grape&#8221; color=&#8221;orange&#8221; size=&#8221;lg&#8221; align=&#8221;center&#8221; css=&#8221;.vc_custom_1621268568185{margin-top: 10px !important;margin-bottom: 10px !important;}&#8221;][vc_custom_heading text=&#8221;VINUM TERRA \u2018No Added Sulfite\u2019&#8221; font_container=&#8221;tag:h3|font_size:34px|text_align:center&#8221; use_theme_fonts=&#8221;yes&#8221; css=&#8221;.vc_custom_1621275933741{margin-top: 10px !important;}&#8221; el_class=&#8221;normal-style&#8221;][vc_custom_heading text=&#8221;Bordeaux&#8221; font_container=&#8221;tag:h3|font_size:31px|text_align:center&#8221; use_theme_fonts=&#8221;yes&#8221; css=&#8221;.vc_custom_1621275817282{margin-top: 10px !important;}&#8221;][vc_column_text]<\/p>\n<p style=\"text-align: center;\">MERLOT MALBEC<\/p>\n<p style=\"text-align: center;\">The pure expression of our Merlot and Malbec. Delicate, fruit forward and balanced, the berries give the best with no sulfite added.<\/p>\n<p>[\/vc_column_text][vc_empty_space hide_on_mobile=&#8221;&#8221;][\/vc_column][\/vc_row][vc_row full_width=&#8221;stretch_row&#8221; equal_height=&#8221;yes&#8221; content_placement=&#8221;middle&#8221; css=&#8221;.vc_custom_1621340125750{padding-top: 30px !important;padding-bottom: 30px !important;}&#8221; el_class=&#8221;mhwine&#8221;][vc_column width=&#8221;5\/12&#8243;][vc_single_image image=&#8221;1216&#8243; img_size=&#8221;full&#8221;][\/vc_column][vc_column width=&#8221;7\/12&#8243;][vc_icon icon_fontawesome=&#8221;icon-grape&#8221; color=&#8221;orange&#8221; size=&#8221;lg&#8221; align=&#8221;center&#8221; css=&#8221;.vc_custom_1621268559067{margin-top: 10px !important;margin-bottom: 10px !important;}&#8221;][vc_custom_heading text=&#8221;R\u00e9serve Tradition &amp; H\u00e9ritage of Ch\u00e2teau de la Vieille Tour&#8221; font_container=&#8221;tag:h3|font_size:34px|text_align:center&#8221; use_theme_fonts=&#8221;yes&#8221; css=&#8221;.vc_custom_1621274881888{margin-top: 10px !important;}&#8221; el_class=&#8221;normal-style&#8221;][vc_custom_heading text=&#8221;Bordeaux Sup\u00e9rieur &amp; Bordeaux White&#8221; font_container=&#8221;tag:h3|font_size:31px|text_align:center&#8221; use_theme_fonts=&#8221;yes&#8221; css=&#8221;.vc_custom_1621274898239{margin-top: 10px !important;}&#8221;][vc_column_text]<\/p>\n<p style=\"text-align: justify;\">R\u00e9serve Tradition, a parcel selection of our best Merlot and Cabernet. Full body and perfectly balanced aged 12 months in new and old French oak barrels.<\/p>\n<p style=\"text-align: left;\">H\u00e9ritage, our delicious and harmonious blend of S\u00e9millon and Sauvignon Blanc aged in new 400 liters French oak barrels.<\/p>\n<p>[\/vc_column_text][\/vc_column][\/vc_row][vc_row full_width=&#8221;stretch_row&#8221; equal_height=&#8221;yes&#8221; content_placement=&#8221;middle&#8221; scheme=&#8221;dark&#8221; css=&#8221;.vc_custom_1621340136205{padding-top: 30px !important;padding-bottom: 30px !important;}&#8221; el_class=&#8221;mhwine&#8221;][vc_column width=&#8221;7\/12&#8243;][vc_icon icon_fontawesome=&#8221;icon-grape&#8221; color=&#8221;orange&#8221; size=&#8221;lg&#8221; align=&#8221;center&#8221; css=&#8221;.vc_custom_1621268550077{margin-top: 10px !important;margin-bottom: 10px !important;}&#8221;][vc_custom_heading text=&#8221;Ch\u00e2teau de la Vieille Tour&#8221; font_container=&#8221;tag:h3|font_size:34px|text_align:center&#8221; use_theme_fonts=&#8221;yes&#8221; css=&#8221;.vc_custom_1621337699158{margin-top: 10px !important;}&#8221; el_class=&#8221;normal-style&#8221;][vc_custom_heading text=&#8221;Bordeaux&#8221; font_container=&#8221;tag:h3|font_size:31px|text_align:center&#8221; use_theme_fonts=&#8221;yes&#8221; css=&#8221;.vc_custom_1621337713916{margin-top: 10px !important;}&#8221;][vc_column_text]Our organic Bordeaux Sup\u00e9rieur Red, Bordeaux White and Ros\u00e9 are balanced, fruit forward; the expression of our unique terroir:<\/p>\n<ul>\n<li>Ch\u00e2teau de la Vieille Tour, Bordeaux Sup\u00e9rieur Red<\/li>\n<li>Ch\u00e2teau de la Vieille Tour, Bordeaux White<\/li>\n<li>Ch\u00e2teau de la Vieille Tour, Bordeaux Ros\u00e9<\/li>\n<\/ul>\n<p>[\/vc_column_text][\/vc_column][vc_column width=&#8221;5\/12&#8243;][vc_single_image image=&#8221;1075&#8243; img_size=&#8221;full&#8221;][\/vc_column][\/vc_row][vc_row full_width=&#8221;stretch_row&#8221; equal_height=&#8221;yes&#8221; content_placement=&#8221;middle&#8221; css=&#8221;.vc_custom_1621340141520{padding-top: 30px !important;padding-bottom: 30px !important;}&#8221; el_class=&#8221;mhwine&#8221;][vc_column width=&#8221;5\/12&#8243;][vc_single_image image=&#8221;1076&#8243; img_size=&#8221;full&#8221;][\/vc_column][vc_column width=&#8221;7\/12&#8243;][vc_icon icon_fontawesome=&#8221;icon-grape&#8221; color=&#8221;orange&#8221; size=&#8221;lg&#8221; align=&#8221;center&#8221; css=&#8221;.vc_custom_1621268540873{margin-top: 10px !important;margin-bottom: 10px !important;}&#8221;][vc_custom_heading text=&#8221;Ch\u00e2teau Moulin de Ferrand&#8221; font_container=&#8221;tag:h3|font_size:34px|text_align:center&#8221; use_theme_fonts=&#8221;yes&#8221; css=&#8221;.vc_custom_1621337858736{margin-top: 10px !important;}&#8221; el_class=&#8221;normal-style&#8221;][vc_custom_heading text=&#8221;Bordeaux&#8221; font_container=&#8221;tag:h3|font_size:31px|text_align:center&#8221; use_theme_fonts=&#8221;yes&#8221; css=&#8221;.vc_custom_1621337874797{margin-top: 10px !important;}&#8221;][vc_column_text]Our organic Bordeaux Sup\u00e9rieur Red, Entre-Deux-Mers White and Bordeaux Ros\u00e9 are aromatic and perfectly balanced:<\/p>\n<ul>\n<li>Ch\u00e2teau Moulin de Ferrand, Bordeaux Sup\u00e9rieur Red<\/li>\n<li>Ch\u00e2teau Moulin de Ferrand, Entre-Deux-Mers White<\/li>\n<li>Ch\u00e2teau Moulin de Ferrand, Bordeaux Ros\u00e9<\/li>\n<\/ul>\n<p>[\/vc_column_text][\/vc_column][\/vc_row][vc_row full_width=&#8221;stretch_row&#8221; equal_height=&#8221;yes&#8221; content_placement=&#8221;middle&#8221; scheme=&#8221;dark&#8221; css=&#8221;.vc_custom_1621340146733{padding-top: 30px !important;padding-bottom: 30px !important;}&#8221; el_class=&#8221;mhwine&#8221;][vc_column width=&#8221;7\/12&#8243;][vc_icon icon_fontawesome=&#8221;icon-grape&#8221; color=&#8221;orange&#8221; size=&#8221;lg&#8221; align=&#8221;center&#8221; css=&#8221;.vc_custom_1621268532413{margin-top: 10px !important;margin-bottom: 10px !important;}&#8221;][vc_custom_heading text=&#8221;Domaine des Geais&#8221; font_container=&#8221;tag:h3|font_size:34px|text_align:center&#8221; use_theme_fonts=&#8221;yes&#8221; css=&#8221;.vc_custom_1621338070703{margin-top: 10px !important;}&#8221; el_class=&#8221;normal-style&#8221;][vc_custom_heading text=&#8221;C\u00f4tes du Marmandais, Southwest France&#8221; font_container=&#8221;tag:h3|font_size:31px|text_align:center&#8221; use_theme_fonts=&#8221;yes&#8221; css=&#8221;.vc_custom_1621338083219{margin-top: 10px !important;}&#8221;][vc_column_text]<\/p>\n<p style=\"text-align: justify;\">An aromatic festival with freshness, bright, fruity and spicy flavors that are enhanced by a well-balanced wine.<\/p>\n<p style=\"text-align: justify;\">The local grapes composed the blend too, SYRAH and ABOURIOU in addition to our Bordeaux grapes Merlot and Cabernets.<\/p>\n<p>[\/vc_column_text][\/vc_column][vc_column width=&#8221;5\/12&#8243;][vc_single_image image=&#8221;1220&#8243; img_size=&#8221;full&#8221;][\/vc_column][\/vc_row][vc_row full_width=&#8221;stretch_row&#8221; equal_height=&#8221;yes&#8221; content_placement=&#8221;middle&#8221; css=&#8221;.vc_custom_1621340151968{padding-top: 30px !important;padding-bottom: 30px !important;}&#8221; el_class=&#8221;mhwine&#8221;][vc_column width=&#8221;5\/12&#8243;][vc_single_image image=&#8221;1339&#8243; img_size=&#8221;full&#8221;][\/vc_column][vc_column width=&#8221;7\/12&#8243;][vc_icon icon_fontawesome=&#8221;icon-grape&#8221; color=&#8221;orange&#8221; size=&#8221;lg&#8221; align=&#8221;center&#8221; css=&#8221;.vc_custom_1621268520922{margin-top: 10px !important;margin-bottom: 10px !important;}&#8221;][vc_custom_heading text=&#8221;LES GEAIS Abouriou &amp; 5 Grapes&#8221; font_container=&#8221;tag:h3|font_size:34px|text_align:center&#8221; use_theme_fonts=&#8221;yes&#8221; css=&#8221;.vc_custom_1621338165430{margin-top: 10px !important;}&#8221; el_class=&#8221;normal-style&#8221;][vc_custom_heading text=&#8221;C\u00f4tes du Marmandais, Southwest France&#8221; font_container=&#8221;tag:h3|font_size:31px|text_align:center&#8221; use_theme_fonts=&#8221;yes&#8221; css=&#8221;.vc_custom_1621338178913{margin-top: 10px !important;}&#8221;][vc_column_text]<\/p>\n<p style=\"text-align: justify;\">100% ABOURIOU, a unique grape varietal from the C\u00f4tes du Marmandais showing a lot of power and softness at the same time.<\/p>\n<p style=\"text-align: justify;\">5 Grapes for the number of grapes planted in our small Estate: Merlot, Cabernet Sauvignon, Cabernet Franc, Syrah and Abouriou.<\/p>\n<p>[\/vc_column_text][\/vc_column][\/vc_row][vc_row][vc_column][vc_column_text]<\/p>\n<p>I am text block. Click edit button to change this text. Lorem ipsum dolor sit amet, consectetur adipiscing elit. Ut elit tellus, luctus nec ullamcorper mattis, pulvinar dapibus leo.<\/p>\n<p>[\/vc_column_text][\/vc_column][\/vc_row][vc_row][vc_column][\/vc_column][\/vc_row]<\/p>\n","protected":false},"excerpt":{"rendered":"<p>[vc_row][vc_column][vc_single_image image=&#8221;1071&#8243; img_size=&#8221;full&#8221; alignment=&#8221;center&#8221; css=&#8221;.vc_custom_1613405641572{margin-bottom: 30px !important;padding-bottom: 30px !important;}&#8221;][vc_column_text css=&#8221;.vc_custom_1753088386856{margin-bottom: 30px !important;}&#8221;] For over 180 years our family procudes recognized organic wines of Bordeaux and South-West of France. Result of our know-how and passion for 6th generations. 100% Estate, 100% Family-owned, 100% Organic &amp; Biodynamic [\/vc_column_text][vc_empty_space hide_on_mobile=&#8221;&#8221;][\/vc_column][\/vc_row][vc_row full_width=&#8221;stretch_row&#8221; equal_height=&#8221;yes&#8221; content_placement=&#8221;middle&#8221; scheme=&#8221;dark&#8221; css=&#8221;.vc_custom_1621340098487{margin-bottom: 30px !important;padding-top: 30px !important;padding-bottom: 30px !important;}&#8221; el_class=&#8221;mhwine&#8221;][vc_column width=&#8221;5\/12&#8243;][vc_single_image&hellip;<\/p>\n","protected":false},"author":1,"featured_media":0,"parent":0,"menu_order":0,"comment_status":"closed","ping_status":"closed","template":"","meta":{"footnotes":""},"class_list":["post-970","page","type-page","status-publish","hentry"],"_links":{"self":[{"href":"https:\/\/boissonneau.fr\/en\/wp-json\/wp\/v2\/pages\/970","targetHints":{"allow":["GET"]}}],"collection":[{"href":"https:\/\/boissonneau.fr\/en\/wp-json\/wp\/v2\/pages"}],"about":[{"href":"https:\/\/boissonneau.fr\/en\/wp-json\/wp\/v2\/types\/page"}],"author":[{"embeddable":true,"href":"https:\/\/boissonneau.fr\/en\/wp-json\/wp\/v2\/users\/1"}],"replies":[{"embeddable":true,"href":"https:\/\/boissonneau.fr\/en\/wp-json\/wp\/v2\/comments?post=970"}],"version-history":[{"count":72,"href":"https:\/\/boissonneau.fr\/en\/wp-json\/wp\/v2\/pages\/970\/revisions"}],"predecessor-version":[{"id":1563,"href":"https:\/\/boissonneau.fr\/en\/wp-json\/wp\/v2\/pages\/970\/revisions\/1563"}],"wp:attachment":[{"href":"https:\/\/boissonneau.fr\/en\/wp-json\/wp\/v2\/media?parent=970"}],"curies":[{"name":"wp","href":"https:\/\/api.w.org\/{rel}","templated":true}]}}